{"id":11,"date":"2021-04-25T16:36:55","date_gmt":"2021-04-25T14:36:55","guid":{"rendered":"https:\/\/hydrokucza.pl\/?page_id=11"},"modified":"2021-05-09T19:52:55","modified_gmt":"2021-05-09T17:52:55","slug":"o-nas","status":"publish","type":"page","link":"https:\/\/hydrokucza.pl\/index.php\/o-nas\/","title":{"rendered":"Us\u0142ugi"},"content":{"rendered":"\r\n<h5>Mamy do zaoferowania pa\u0144stwu us\u0142ugi:<\/h5>\r\n<ul>\r\n<li>instalacyjne,<\/li>\r\n<li>wodno-kanalizacyjne,<\/li>\r\n<li>centralne ogrzewanie, gaz,<\/li>\r\n<li>solarne.<\/li>\r\n<\/ul>\r\n\r\n\r\n\r\n<h5>Z 15 letnim do\u015bwiadczeniem w bran\u017cy instalacyjnej:<\/h5>\r\n\r\n\r\n\r\n<ul>\r\n<li>przy\u0142\u0105cza gazowe, wodne i kanalizacyjne do budynk\u00f3w,<\/li>\r\n<li>sprawdzanie szczelno\u015bci instalacji z wystawieniem odpowiedniego protoko\u0142u,<\/li>\r\n<li>instalacje wodno- kanalizacyjne,<\/li>\r\n<li>instalacje gazowe,<\/li>\r\n<li>instalacje centralnego ogrzewania,<\/li>\r\n<li>wymiana instalacji, monta\u017c\/ przer\u00f3bki,\u00a0<\/li>\r\n<li>kot\u0142ownie gazowe, w\u0119glowe, pellet,<\/li>\r\n<li>kominki z p\u0142aszczem wodnym,<\/li>\r\n<li>ogrzewanie pod\u0142ogowe,<\/li>\r\n<li>kolektory s\u0142oneczne,<\/li>\r\n<li>pompy ciep\u0142a,<\/li>\r\n<li>wymiany urz\u0105dze\u0144 sanitarnych i grzewczych,<\/li>\r\n<li>wentylacja.<\/li>\r\n<\/ul>\r\n","protected":false},"excerpt":{"rendered":"<p>Mamy do zaoferowania pa\u0144stwu us\u0142ugi: instalacyjne, wodno-kanalizacyjne, centralne ogrzewanie, gaz, solarne. Z 15 letnim do\u015bwiadczeniem w bran\u017cy instalacyjnej: przy\u0142\u0105cza gazowe, wodne i kanalizacyjne do budynk\u00f3w, sprawdzanie szczelno\u015bci instalacji z wystawieniem odpowiedniego protoko\u0142u, instalacje wodno- kanalizacyjne, instalacje gazowe, instalacje centralnego ogrzewania, wymiana instalacji, monta\u017c\/ przer\u00f3bki,\u00a0 kot\u0142ownie gazowe, w\u0119glowe, pellet, kominki z p\u0142aszczem wodnym, ogrzewanie pod\u0142ogowe, kolektory &hellip; <\/p>\n<p class=\"link-more\"><a href=\"https:\/\/hydrokucza.pl\/index.php\/o-nas\/\" class=\"more-link\">Czytaj dalej<span class=\"screen-reader-text\"> Us\u0142ugi<\/span><\/a><\/p>\n","protected":false},"author":1,"featured_media":52,"parent":0,"menu_order":0,"comment_status":"closed","ping_status":"closed","template":"","meta":{"ngg_post_thumbnail":0,"footnotes":""},"class_list":["post-11","page","type-page","status-publish","has-post-thumbnail","hentry"],"_links":{"self":[{"href":"https:\/\/hydrokucza.pl\/index.php\/wp-json\/wp\/v2\/pages\/11","targetHints":{"allow":["GET"]}}],"collection":[{"href":"https:\/\/hydrokucza.pl\/index.php\/wp-json\/wp\/v2\/pages"}],"about":[{"href":"https:\/\/hydrokucza.pl\/index.php\/wp-json\/wp\/v2\/types\/page"}],"author":[{"embeddable":true,"href":"https:\/\/hydrokucza.pl\/index.php\/wp-json\/wp\/v2\/users\/1"}],"replies":[{"embeddable":true,"href":"https:\/\/hydrokucza.pl\/index.php\/wp-json\/wp\/v2\/comments?post=11"}],"version-history":[{"count":5,"href":"https:\/\/hydrokucza.pl\/index.php\/wp-json\/wp\/v2\/pages\/11\/revisions"}],"predecessor-version":[{"id":91,"href":"https:\/\/hydrokucza.pl\/index.php\/wp-json\/wp\/v2\/pages\/11\/revisions\/91"}],"wp:featuredmedia":[{"embeddable":true,"href":"https:\/\/hydrokucza.pl\/index.php\/wp-json\/wp\/v2\/media\/52"}],"wp:attachment":[{"href":"https:\/\/hydrokucza.pl\/index.php\/wp-json\/wp\/v2\/media?parent=11"}],"curies":[{"name":"wp","href":"https:\/\/api.w.org\/{rel}","templated":true}]}}