{"id":10,"date":"2021-04-25T16:36:55","date_gmt":"2021-04-25T14:36:55","guid":{"rendered":"https:\/\/hydrokucza.pl\/?page_id=10"},"modified":"2021-05-10T12:42:39","modified_gmt":"2021-05-10T10:42:39","slug":"strona-glowna","status":"publish","type":"page","link":"https:\/\/hydrokucza.pl\/","title":{"rendered":"Strona g\u0142\u00f3wna"},"content":{"rendered":"\r\n<ul>\r\n<li>\r\n<h5>W bran\u017cy instalacyjnej od 2006 r.<\/h5>\r\n<\/li>\r\n<li>\r\n<h5>Celem firmy jest zadowolenie klienta.<\/h5>\r\n<\/li>\r\n<li>\r\n<h5>Stawiamy na perfekcj\u0119 i terminowe uko\u0144czenie us\u0142ug.<\/h5>\r\n<\/li>\r\n<\/ul>\r\n","protected":false},"excerpt":{"rendered":"<p>W bran\u017cy instalacyjnej od 2006 r. Celem firmy jest zadowolenie klienta. Stawiamy na perfekcj\u0119 i terminowe uko\u0144czenie us\u0142ug.<\/p>\n","protected":false},"author":1,"featured_media":60,"parent":0,"menu_order":0,"comment_status":"closed","ping_status":"closed","template":"","meta":{"ngg_post_thumbnail":0,"footnotes":""},"class_list":["post-10","page","type-page","status-publish","has-post-thumbnail","hentry"],"_links":{"self":[{"href":"https:\/\/hydrokucza.pl\/index.php\/wp-json\/wp\/v2\/pages\/10","targetHints":{"allow":["GET"]}}],"collection":[{"href":"https:\/\/hydrokucza.pl\/index.php\/wp-json\/wp\/v2\/pages"}],"about":[{"href":"https:\/\/hydrokucza.pl\/index.php\/wp-json\/wp\/v2\/types\/page"}],"author":[{"embeddable":true,"href":"https:\/\/hydrokucza.pl\/index.php\/wp-json\/wp\/v2\/users\/1"}],"replies":[{"embeddable":true,"href":"https:\/\/hydrokucza.pl\/index.php\/wp-json\/wp\/v2\/comments?post=10"}],"version-history":[{"count":4,"href":"https:\/\/hydrokucza.pl\/index.php\/wp-json\/wp\/v2\/pages\/10\/revisions"}],"predecessor-version":[{"id":153,"href":"https:\/\/hydrokucza.pl\/index.php\/wp-json\/wp\/v2\/pages\/10\/revisions\/153"}],"wp:featuredmedia":[{"embeddable":true,"href":"https:\/\/hydrokucza.pl\/index.php\/wp-json\/wp\/v2\/media\/60"}],"wp:attachment":[{"href":"https:\/\/hydrokucza.pl\/index.php\/wp-json\/wp\/v2\/media?parent=10"}],"curies":[{"name":"wp","href":"https:\/\/api.w.org\/{rel}","templated":true}]}}